{"id":1251,"date":"2023-08-26T13:56:56","date_gmt":"2023-08-26T13:56:56","guid":{"rendered":"https:\/\/auxlaci.com\/?page_id=1251"},"modified":"2023-11-27T21:26:54","modified_gmt":"2023-11-27T21:26:54","slug":"ajanlatot-kerek","status":"publish","type":"page","link":"https:\/\/auxlaci.com\/en\/ajanlatot-kerek\/","title":{"rendered":"K\u00e9rj aj\u00e1nlatot"},"content":{"rendered":"<div data-elementor-type=\"wp-page\" data-elementor-id=\"1251\" class=\"elementor elementor-1251\" data-elementor-post-type=\"page\">\n\t\t\t\t<div class=\"elementor-element elementor-element-1ba96d8 e-con-full e-flex e-con e-parent\" data-id=\"1ba96d8\" data-element_type=\"container\">\n\t\t<div class=\"elementor-element elementor-element-6aab75f e-flex e-con-boxed e-con e-parent\" data-id=\"6aab75f\" data-element_type=\"container\">\n\t\t\t\t\t<div class=\"e-con-inner\">\n\t\t\t\t<div class=\"elementor-element elementor-element-bbbdb2b elementor-widget__width-inherit elementor-widget elementor-widget-image\" data-id=\"bbbdb2b\" data-element_type=\"widget\" data-widget_type=\"image.default\">\n\t\t\t\t<div class=\"elementor-widget-container\">\n\t\t\t<style>\/*! elementor - v3.23.0 - 05-08-2024 *\/\n.elementor-widget-image{text-align:center}.elementor-widget-image a{display:inline-block}.elementor-widget-image a img[src$=\".svg\"]{width:48px}.elementor-widget-image img{vertical-align:middle;display:inline-block}<\/style>\t\t\t\t\t\t\t\t\t\t<img fetchpriority=\"high\" decoding=\"async\" width=\"1920\" height=\"561\" src=\"https:\/\/auxlaci.com\/wp-content\/uploads\/2023\/08\/helykitolto-3.png\" class=\"attachment-full size-full wp-image-1030\" alt=\"\" srcset=\"https:\/\/auxlaci.com\/wp-content\/uploads\/2023\/08\/helykitolto-3.png 1920w, https:\/\/auxlaci.com\/wp-content\/uploads\/2023\/08\/helykitolto-3-300x88.png 300w, https:\/\/auxlaci.com\/wp-content\/uploads\/2023\/08\/helykitolto-3-700x205.png 700w, https:\/\/auxlaci.com\/wp-content\/uploads\/2023\/08\/helykitolto-3-768x224.png 768w, https:\/\/auxlaci.com\/wp-content\/uploads\/2023\/08\/helykitolto-3-1536x449.png 1536w\" sizes=\"(max-width: 1920px) 100vw, 1920px\" \/>\t\t\t\t\t\t\t\t\t\t\t\t\t<\/div>\n\t\t\t\t<\/div>\n\t\t\t\t<div class=\"elementor-element elementor-element-7f52c75 elementor-widget elementor-widget-heading\" data-id=\"7f52c75\" data-element_type=\"widget\" data-widget_type=\"heading.default\">\n\t\t\t\t<div class=\"elementor-widget-container\">\n\t\t\t<style>\/*! elementor - v3.23.0 - 05-08-2024 *\/\n.elementor-heading-title{padding:0;margin:0;line-height:1}.elementor-widget-heading .elementor-heading-title[class*=elementor-size-]>a{color:inherit;font-size:inherit;line-height:inherit}.elementor-widget-heading .elementor-heading-title.elementor-size-small{font-size:15px}.elementor-widget-heading .elementor-heading-title.elementor-size-medium{font-size:19px}.elementor-widget-heading .elementor-heading-title.elementor-size-large{font-size:29px}.elementor-widget-heading .elementor-heading-title.elementor-size-xl{font-size:39px}.elementor-widget-heading .elementor-heading-title.elementor-size-xxl{font-size:59px}<\/style><h2 class=\"elementor-heading-title elementor-size-default\"> <\/h2>\t\t<\/div>\n\t\t\t\t<\/div>\n\t\t\t\t\t<\/div>\n\t\t\t\t<\/div>\n\t\t\t\t<\/div>\n\t\t<div class=\"elementor-element elementor-element-46ccaeb e-con-full e-flex e-con e-parent\" data-id=\"46ccaeb\" data-element_type=\"container\">\n\t\t<div class=\"elementor-element elementor-element-e7fd2d0 e-flex e-con-boxed e-con e-parent\" data-id=\"e7fd2d0\" data-element_type=\"container\">\n\t\t\t\t\t<div class=\"e-con-inner\">\n\t\t<div class=\"elementor-element elementor-element-6b809f5 e-flex e-con-boxed e-con e-parent\" data-id=\"6b809f5\" data-element_type=\"container\">\n\t\t\t\t\t<div class=\"e-con-inner\">\n\t\t<div class=\"elementor-element elementor-element-3143997 e-con-full e-flex e-con e-parent\" data-id=\"3143997\" data-element_type=\"container\">\n\t\t\t\t<div class=\"elementor-element elementor-element-caad5f2 elementor-widget elementor-widget-heading\" data-id=\"caad5f2\" data-element_type=\"widget\" data-widget_type=\"heading.default\">\n\t\t\t\t<div class=\"elementor-widget-container\">\n\t\t\t<h2 class=\"elementor-heading-title elementor-size-default\">Contact us!<\/h2>\t\t<\/div>\n\t\t\t\t<\/div>\n\t\t\t\t<div class=\"elementor-element elementor-element-98056ec elementor-widget elementor-widget-text-editor\" data-id=\"98056ec\" data-element_type=\"widget\" data-widget_type=\"text-editor.default\">\n\t\t\t\t<div class=\"elementor-widget-container\">\n\t\t\t<style>\/*! elementor - v3.23.0 - 05-08-2024 *\/\n.elementor-widget-text-editor.elementor-drop-cap-view-stacked .elementor-drop-cap{background-color:#69727d;color:#fff}.elementor-widget-text-editor.elementor-drop-cap-view-framed .elementor-drop-cap{color:#69727d;border:3px solid;background-color:transparent}.elementor-widget-text-editor:not(.elementor-drop-cap-view-default) .elementor-drop-cap{margin-top:8px}.elementor-widget-text-editor:not(.elementor-drop-cap-view-default) .elementor-drop-cap-letter{width:1em;height:1em}.elementor-widget-text-editor .elementor-drop-cap{float:left;text-align:center;line-height:1;font-size:50px}.elementor-widget-text-editor .elementor-drop-cap-letter{display:inline-block}<\/style>\t\t\t\t<p>How can we help?<\/p>\t\t\t\t\t\t<\/div>\n\t\t\t\t<\/div>\n\t\t\t\t<div class=\"elementor-element elementor-element-ce3bb13 elementor-widget-tablet__width-inherit elementor-button-align-stretch elementor-widget elementor-widget-form\" data-id=\"ce3bb13\" data-element_type=\"widget\" data-settings=\"{&quot;step_next_label&quot;:&quot;K\\u00f6vetkez\\u0151&quot;,&quot;step_previous_label&quot;:&quot;El\\u0151z\\u0151&quot;,&quot;step_type&quot;:&quot;number_text&quot;,&quot;step_icon_shape&quot;:&quot;circle&quot;}\" data-widget_type=\"form.default\">\n\t\t\t\t<div class=\"elementor-widget-container\">\n\t\t\t<style>\/*! elementor-pro - v3.23.0 - 05-08-2024 *\/\n.elementor-button.elementor-hidden,.elementor-hidden{display:none}.e-form__step{width:100%}.e-form__step:not(.elementor-hidden){display:flex;flex-wrap:wrap}.e-form__buttons{flex-wrap:wrap}.e-form__buttons,.e-form__buttons__wrapper{display:flex}.e-form__indicators{display:flex;justify-content:space-between;align-items:center;flex-wrap:nowrap;font-size:13px;margin-bottom:var(--e-form-steps-indicators-spacing)}.e-form__indicators__indicator{display:flex;flex-direction:column;align-items:center;justify-content:center;flex-basis:0;padding:0 var(--e-form-steps-divider-gap)}.e-form__indicators__indicator__progress{width:100%;position:relative;background-color:var(--e-form-steps-indicator-progress-background-color);border-radius:var(--e-form-steps-indicator-progress-border-radius);overflow:hidden}.e-form__indicators__indicator__progress__meter{width:var(--e-form-steps-indicator-progress-meter-width,0);height:var(--e-form-steps-indicator-progress-height);line-height:var(--e-form-steps-indicator-progress-height);padding-right:15px;border-radius:var(--e-form-steps-indicator-progress-border-radius);background-color:var(--e-form-steps-indicator-progress-color);color:var(--e-form-steps-indicator-progress-meter-color);text-align:right;transition:width .1s linear}.e-form__indicators__indicator:first-child{padding-left:0}.e-form__indicators__indicator:last-child{padding-right:0}.e-form__indicators__indicator--state-inactive{color:var(--e-form-steps-indicator-inactive-primary-color,#c2cbd2)}.e-form__indicators__indicator--state-inactive [class*=indicator--shape-]:not(.e-form__indicators__indicator--shape-none){background-color:var(--e-form-steps-indicator-inactive-secondary-color,#fff)}.e-form__indicators__indicator--state-inactive object,.e-form__indicators__indicator--state-inactive svg{fill:var(--e-form-steps-indicator-inactive-primary-color,#c2cbd2)}.e-form__indicators__indicator--state-active{color:var(--e-form-steps-indicator-active-primary-color,#39b54a);border-color:var(--e-form-steps-indicator-active-secondary-color,#fff)}.e-form__indicators__indicator--state-active [class*=indicator--shape-]:not(.e-form__indicators__indicator--shape-none){background-color:var(--e-form-steps-indicator-active-secondary-color,#fff)}.e-form__indicators__indicator--state-active object,.e-form__indicators__indicator--state-active svg{fill:var(--e-form-steps-indicator-active-primary-color,#39b54a)}.e-form__indicators__indicator--state-completed{color:var(--e-form-steps-indicator-completed-secondary-color,#fff)}.e-form__indicators__indicator--state-completed [class*=indicator--shape-]:not(.e-form__indicators__indicator--shape-none){background-color:var(--e-form-steps-indicator-completed-primary-color,#39b54a)}.e-form__indicators__indicator--state-completed .e-form__indicators__indicator__label{color:var(--e-form-steps-indicator-completed-primary-color,#39b54a)}.e-form__indicators__indicator--state-completed .e-form__indicators__indicator--shape-none{color:var(--e-form-steps-indicator-completed-primary-color,#39b54a);background-color:initial}.e-form__indicators__indicator--state-completed object,.e-form__indicators__indicator--state-completed svg{fill:var(--e-form-steps-indicator-completed-secondary-color,#fff)}.e-form__indicators__indicator__icon{width:var(--e-form-steps-indicator-padding,30px);height:var(--e-form-steps-indicator-padding,30px);font-size:var(--e-form-steps-indicator-icon-size);border-width:1px;border-style:solid;display:flex;justify-content:center;align-items:center;overflow:hidden;margin-bottom:10px}.e-form__indicators__indicator__icon img,.e-form__indicators__indicator__icon object,.e-form__indicators__indicator__icon svg{width:var(--e-form-steps-indicator-icon-size);height:auto}.e-form__indicators__indicator__icon .e-font-icon-svg{height:1em}.e-form__indicators__indicator__number{width:var(--e-form-steps-indicator-padding,30px);height:var(--e-form-steps-indicator-padding,30px);border-width:1px;border-style:solid;display:flex;justify-content:center;align-items:center;margin-bottom:10px}.e-form__indicators__indicator--shape-circle{border-radius:50%}.e-form__indicators__indicator--shape-square{border-radius:0}.e-form__indicators__indicator--shape-rounded{border-radius:5px}.e-form__indicators__indicator--shape-none{border:0}.e-form__indicators__indicator__label{text-align:center}.e-form__indicators__indicator__separator{width:100%;height:var(--e-form-steps-divider-width);background-color:#babfc5}.e-form__indicators--type-icon,.e-form__indicators--type-icon_text,.e-form__indicators--type-number,.e-form__indicators--type-number_text{align-items:flex-start}.e-form__indicators--type-icon .e-form__indicators__indicator__separator,.e-form__indicators--type-icon_text .e-form__indicators__indicator__separator,.e-form__indicators--type-number .e-form__indicators__indicator__separator,.e-form__indicators--type-number_text .e-form__indicators__indicator__separator{margin-top:calc(var(--e-form-steps-indicator-padding, 30px) \/ 2 - var(--e-form-steps-divider-width, 1px) \/ 2)}.elementor-field-type-hidden{display:none}.elementor-field-type-html{display:inline-block}.elementor-field-type-tel input{direction:inherit}.elementor-login .elementor-lost-password,.elementor-login .elementor-remember-me{font-size:.85em}.elementor-field-type-recaptcha_v3 .elementor-field-label{display:none}.elementor-field-type-recaptcha_v3 .grecaptcha-badge{z-index:1}.elementor-button .elementor-form-spinner{order:3}.elementor-form .elementor-button .elementor-button-content-wrapper{align-items:center}.elementor-form .elementor-button .elementor-button-text{white-space:normal}.elementor-form .elementor-button svg{height:auto}.elementor-form .elementor-button .e-font-icon-svg{height:1em}.elementor-form .elementor-button .elementor-button-content-wrapper{gap:5px}.elementor-form .elementor-button .elementor-button-icon,.elementor-form .elementor-button .elementor-button-text{flex-grow:unset;order:unset}.elementor-select-wrapper .select-caret-down-wrapper{position:absolute;top:50%;transform:translateY(-50%);inset-inline-end:10px;pointer-events:none;font-size:11px}.elementor-select-wrapper .select-caret-down-wrapper svg{display:unset;width:1em;aspect-ratio:unset;fill:currentColor}.elementor-select-wrapper .select-caret-down-wrapper i{font-size:19px;line-height:2}.elementor-select-wrapper.remove-before:before{content:\"\"!important}.elementor-message-svg:before{content:\"\";width:1em;height:1em;background-image:url(\"data:image\/svg+xml;base64,PHN2ZyB3aWR0aD0iMTQiIGhlaWdodD0iMTEiIGZpbGw9Im5vbmUiIHhtbG5zPSJodHRwOi8vd3d3LnczLm9yZy8yMDAwL3N2ZyI+PHBhdGggZmlsbC1ydWxlPSJldmVub2RkIiBjbGlwLXJ1bGU9ImV2ZW5vZGQiIGQ9Ik00Ljc1IDguMTVMMS42IDUgLjU1IDYuMDVsNC4yIDQuMiA5LTlMMTIuNy4yIDQuNzUgOC4xNXoiIGZpbGw9IiMwMDhBMjAiLz48L3N2Zz4=\");background-position:50%;background-repeat:no-repeat}<\/style>\t\t<form class=\"elementor-form\" method=\"post\" name=\"\u00daj \u0171rlap\" action=\"\">\n\t\t\t<input type=\"hidden\" name=\"post_id\" value=\"1251\"\/>\n\t\t\t<input type=\"hidden\" name=\"form_id\" value=\"ce3bb13\"\/>\n\t\t\t<input type=\"hidden\" name=\"referer_title\" value=\"Auxlaci Produkt Kft weboldala\" \/>\n\n\t\t\t\n\t\t\t<div class=\"elementor-form-fields-wrapper elementor-labels-above\">\n\t\t\t\t\t\t\t\t<div class=\"elementor-field-type-text elementor-field-group elementor-column elementor-field-group-field_866aa75 elementor-col-100 elementor-field-required elementor-mark-required\">\n\t\t\t\t\t\t\t\t\t\t\t\t<label for=\"form-field-field_866aa75\" class=\"elementor-field-label\">\n\t\t\t\t\t\t\t\tFull name\t\t\t\t\t\t\t<\/label>\n\t\t\t\t\t\t\t\t\t\t\t\t\t\t<input size=\"1\" type=\"text\" name=\"form_fields[field_866aa75]\" id=\"form-field-field_866aa75\" class=\"elementor-field elementor-size-sm  elementor-field-textual\" placeholder=\"Full name\" required=\"required\" aria-required=\"true\">\n\t\t\t\t\t\t\t\t\t\t\t<\/div>\n\t\t\t\t\t\t\t\t<div class=\"elementor-field-type-email elementor-field-group elementor-column elementor-field-group-name elementor-col-100 elementor-field-required elementor-mark-required\">\n\t\t\t\t\t\t\t\t\t\t\t\t<label for=\"form-field-name\" class=\"elementor-field-label\">\n\t\t\t\t\t\t\t\tEmail:\t\t\t\t\t\t\t<\/label>\n\t\t\t\t\t\t\t\t\t\t\t\t\t\t<input size=\"1\" type=\"email\" name=\"form_fields[name]\" id=\"form-field-name\" class=\"elementor-field elementor-size-sm  elementor-field-textual\" placeholder=\"info@auxlaci.com\" required=\"required\" aria-required=\"true\">\n\t\t\t\t\t\t\t\t\t\t\t<\/div>\n\t\t\t\t\t\t\t\t<div class=\"elementor-field-type-tel elementor-field-group elementor-column elementor-field-group-field_6bc8b8b elementor-col-100\">\n\t\t\t\t\t\t\t\t\t\t\t\t<label for=\"form-field-field_6bc8b8b\" class=\"elementor-field-label\">\n\t\t\t\t\t\t\t\tMobile:\t\t\t\t\t\t\t<\/label>\n\t\t\t\t\t\t\t\t<input size=\"1\" type=\"tel\" name=\"form_fields[field_6bc8b8b]\" id=\"form-field-field_6bc8b8b\" class=\"elementor-field elementor-size-sm  elementor-field-textual\" placeholder=\"06201234567\" pattern=\"[0-9()#&amp;+*-=.]+\" title=\"Only numbers and phone characters (#, -, *, etc) are accepted.\">\n\n\t\t\t\t\t\t<\/div>\n\t\t\t\t\t\t\t\t<div class=\"elementor-field-type-textarea elementor-field-group elementor-column elementor-field-group-field_827935b elementor-col-100 elementor-field-required elementor-mark-required\">\n\t\t\t\t\t\t\t\t\t\t\t\t<label for=\"form-field-field_827935b\" class=\"elementor-field-label\">\n\t\t\t\t\t\t\t\tMessage:\t\t\t\t\t\t\t<\/label>\n\t\t\t\t\t\t<textarea class=\"elementor-field-textual elementor-field  elementor-size-sm\" name=\"form_fields[field_827935b]\" id=\"form-field-field_827935b\" rows=\"4\" placeholder=\"message...\" required=\"required\" aria-required=\"true\"><\/textarea>\t\t\t\t<\/div>\n\t\t\t\t\t\t\t\t<div class=\"elementor-field-type-acceptance elementor-field-group elementor-column elementor-field-group-field_b073c3f elementor-col-100 elementor-field-required elementor-mark-required\">\n\t\t\t\t\t\t\t<div class=\"elementor-field-subgroup\">\n\t\t\t<span class=\"elementor-field-option\">\n\t\t\t\t<input type=\"checkbox\" name=\"form_fields[field_b073c3f]\" id=\"form-field-field_b073c3f\" class=\"elementor-field elementor-size-sm  elementor-acceptance-field\" required=\"required\" aria-required=\"true\">\n\t\t\t\t<label for=\"form-field-field_b073c3f\">I have read and accept <a href=\"\/en\/adatkezelesi-tajekoztato\/\"target=\"blank\">the privacy policy.<\/a><\/label>\t\t\t<\/span>\n\t\t<\/div>\n\t\t\t\t\t\t<\/div>\n\t\t\t\t\t\t\t\t<div class=\"elementor-field-group elementor-column elementor-field-type-submit elementor-col-100 e-form__buttons\">\n\t\t\t\t\t<button class=\"elementor-button elementor-size-sm\" type=\"submit\">\n\t\t\t\t\t\t<span class=\"elementor-button-content-wrapper\">\n\t\t\t\t\t\t\t\t\t\t\t\t\t\t\t\t\t\t\t\t\t\t<span class=\"elementor-button-text\">Send<\/span>\n\t\t\t\t\t\t\t\t\t\t\t\t\t<\/span>\n\t\t\t\t\t<\/button>\n\t\t\t\t<\/div>\n\t\t\t<\/div>\n\t\t<input type=\"hidden\" name=\"trp-form-language\" value=\"en\"\/><\/form>\n\t\t\t\t<\/div>\n\t\t\t\t<\/div>\n\t\t\t\t<\/div>\n\t\t<div class=\"elementor-element elementor-element-16710a8 e-con-full e-flex e-con e-parent\" data-id=\"16710a8\" data-element_type=\"container\">\n\t\t\t\t<div class=\"elementor-element elementor-element-6a5dc76 elementor-widget elementor-widget-google_maps\" data-id=\"6a5dc76\" data-element_type=\"widget\" data-widget_type=\"google_maps.default\">\n\t\t\t\t<div class=\"elementor-widget-container\">\n\t\t\t<style>\/*! elementor - v3.23.0 - 05-08-2024 *\/\n.elementor-widget-google_maps .elementor-widget-container{overflow:hidden}.elementor-widget-google_maps .elementor-custom-embed{line-height:0}.elementor-widget-google_maps iframe{height:300px}<\/style>\t\t<div class=\"elementor-custom-embed\">\n\t\t\t<iframe loading=\"lazy\"\n\t\t\t\t\tsrc=\"https:\/\/maps.google.com\/maps?q=3350%20K%C3%A1l%2C%20F%C5%91%20%C3%BAt%20fels%C5%91%2088.&#038;t=m&#038;z=10&#038;output=embed&#038;iwloc=near\"\n\t\t\t\t\ttitle=\"3350 K\u00e1l, F\u0151 \u00fat fels\u0151 88.\"\n\t\t\t\t\taria-label=\"3350 K\u00e1l, F\u0151 \u00fat fels\u0151 88.\"\n\t\t\t><\/iframe>\n\t\t<\/div>\n\t\t\t\t<\/div>\n\t\t\t\t<\/div>\n\t\t\t\t<\/div>\n\t\t\t\t\t<\/div>\n\t\t\t\t<\/div>\n\t\t\t\t\t<\/div>\n\t\t\t\t<\/div>\n\t\t\t\t<\/div>\n\t\t\t\t<\/div>","protected":false},"excerpt":{"rendered":"<p>\u00cdrjon nek\u00fcnk! Miben seg\u00edthet\u00fcnk?<\/p>","protected":false},"author":1,"featured_media":0,"parent":0,"menu_order":0,"comment_status":"closed","ping_status":"closed","template":"elementor_header_footer","meta":{"footnotes":""},"class_list":["post-1251","page","type-page","status-publish","hentry"],"yoast_head":"<!-- This site is optimized with the Yoast SEO plugin v23.4 - https:\/\/yoast.com\/wordpress\/plugins\/seo\/ -->\n<title>K\u00e9rj aj\u00e1nlatot - Auxlaci Produkt Kft weboldala<\/title>\n<meta name=\"robots\" content=\"index, follow, max-snippet:-1, max-image-preview:large, max-video-preview:-1\" \/>\n<link rel=\"canonical\" href=\"https:\/\/auxlaci.com\/en\/ajanlatot-kerek\/\" \/>\n<meta property=\"og:locale\" content=\"en_US\" \/>\n<meta property=\"og:type\" content=\"article\" \/>\n<meta property=\"og:title\" content=\"K\u00e9rj aj\u00e1nlatot - Auxlaci Produkt Kft weboldala\" \/>\n<meta property=\"og:description\" content=\"\u00cdrjon nek\u00fcnk! Miben seg\u00edthet\u00fcnk?\" \/>\n<meta property=\"og:url\" content=\"https:\/\/auxlaci.com\/en\/ajanlatot-kerek\/\" \/>\n<meta property=\"og:site_name\" content=\"Auxlaci Produkt Kft weboldala\" \/>\n<meta property=\"article:publisher\" content=\"https:\/\/m.facebook.com\/p\/Auxlaci-produkt-Kft-100075866836216\/\" \/>\n<meta property=\"article:modified_time\" content=\"2023-11-27T21:26:54+00:00\" \/>\n<meta property=\"og:image\" content=\"https:\/\/auxlaci.com\/wp-content\/uploads\/2023\/08\/helykitolto-3.png\" \/>\n<meta name=\"twitter:card\" content=\"summary_large_image\" \/>\n<script type=\"application\/ld+json\" class=\"yoast-schema-graph\">{\"@context\":\"https:\/\/schema.org\",\"@graph\":[{\"@type\":\"WebPage\",\"@id\":\"https:\/\/auxlaci.com\/ajanlatot-kerek\/\",\"url\":\"https:\/\/auxlaci.com\/ajanlatot-kerek\/\",\"name\":\"K\u00e9rj aj\u00e1nlatot - Auxlaci Produkt Kft weboldala\",\"isPartOf\":{\"@id\":\"https:\/\/auxlaci.com\/#website\"},\"primaryImageOfPage\":{\"@id\":\"https:\/\/auxlaci.com\/ajanlatot-kerek\/#primaryimage\"},\"image\":{\"@id\":\"https:\/\/auxlaci.com\/ajanlatot-kerek\/#primaryimage\"},\"thumbnailUrl\":\"https:\/\/auxlaci.com\/wp-content\/uploads\/2023\/08\/helykitolto-3.png\",\"datePublished\":\"2023-08-26T13:56:56+00:00\",\"dateModified\":\"2023-11-27T21:26:54+00:00\",\"breadcrumb\":{\"@id\":\"https:\/\/auxlaci.com\/ajanlatot-kerek\/#breadcrumb\"},\"inLanguage\":\"en-US\",\"potentialAction\":[{\"@type\":\"ReadAction\",\"target\":[\"https:\/\/auxlaci.com\/ajanlatot-kerek\/\"]}]},{\"@type\":\"ImageObject\",\"inLanguage\":\"en-US\",\"@id\":\"https:\/\/auxlaci.com\/ajanlatot-kerek\/#primaryimage\",\"url\":\"https:\/\/auxlaci.com\/wp-content\/uploads\/2023\/08\/helykitolto-3.png\",\"contentUrl\":\"https:\/\/auxlaci.com\/wp-content\/uploads\/2023\/08\/helykitolto-3.png\"},{\"@type\":\"BreadcrumbList\",\"@id\":\"https:\/\/auxlaci.com\/ajanlatot-kerek\/#breadcrumb\",\"itemListElement\":[{\"@type\":\"ListItem\",\"position\":1,\"name\":\"Home\",\"item\":\"https:\/\/auxlaci.com\/\"},{\"@type\":\"ListItem\",\"position\":2,\"name\":\"K\u00e9rj aj\u00e1nlatot\"}]},{\"@type\":\"WebSite\",\"@id\":\"https:\/\/auxlaci.com\/#website\",\"url\":\"https:\/\/auxlaci.com\/\",\"name\":\"Auxlaci Produkt Kft weboldala\",\"description\":\"P\u00e1linkaf\u0151z\u0151k, lekv\u00e1rf\u0151z\u0151k, 3D nyomtat\u00e1s\",\"publisher\":{\"@id\":\"https:\/\/auxlaci.com\/#organization\"},\"potentialAction\":[{\"@type\":\"SearchAction\",\"target\":{\"@type\":\"EntryPoint\",\"urlTemplate\":\"https:\/\/auxlaci.com\/?s={search_term_string}\"},\"query-input\":{\"@type\":\"PropertyValueSpecification\",\"valueRequired\":true,\"valueName\":\"search_term_string\"}}],\"inLanguage\":\"en-US\"},{\"@type\":\"Organization\",\"@id\":\"https:\/\/auxlaci.com\/#organization\",\"name\":\"Auxlaci Produkt Kft\",\"url\":\"https:\/\/auxlaci.com\/\",\"logo\":{\"@type\":\"ImageObject\",\"inLanguage\":\"en-US\",\"@id\":\"https:\/\/auxlaci.com\/#\/schema\/logo\/image\/\",\"url\":\"https:\/\/auxlaci.com\/wp-content\/uploads\/2023\/11\/website-logo-black-01.png\",\"contentUrl\":\"https:\/\/auxlaci.com\/wp-content\/uploads\/2023\/11\/website-logo-black-01.png\",\"width\":242,\"height\":89,\"caption\":\"Auxlaci Produkt Kft\"},\"image\":{\"@id\":\"https:\/\/auxlaci.com\/#\/schema\/logo\/image\/\"},\"sameAs\":[\"https:\/\/m.facebook.com\/p\/Auxlaci-produkt-Kft-100075866836216\/\"]}]}<\/script>\n<!-- \/ Yoast SEO plugin. -->","yoast_head_json":{"title":"K\u00e9rj aj\u00e1nlatot - Auxlaci Produkt Kft weboldala","robots":{"index":"index","follow":"follow","max-snippet":"max-snippet:-1","max-image-preview":"max-image-preview:large","max-video-preview":"max-video-preview:-1"},"canonical":"https:\/\/auxlaci.com\/en\/ajanlatot-kerek\/","og_locale":"en_US","og_type":"article","og_title":"K\u00e9rj aj\u00e1nlatot - Auxlaci Produkt Kft weboldala","og_description":"\u00cdrjon nek\u00fcnk! Miben seg\u00edthet\u00fcnk?","og_url":"https:\/\/auxlaci.com\/en\/ajanlatot-kerek\/","og_site_name":"Auxlaci Produkt Kft weboldala","article_publisher":"https:\/\/m.facebook.com\/p\/Auxlaci-produkt-Kft-100075866836216\/","article_modified_time":"2023-11-27T21:26:54+00:00","og_image":[{"url":"https:\/\/auxlaci.com\/wp-content\/uploads\/2023\/08\/helykitolto-3.png"}],"twitter_card":"summary_large_image","schema":{"@context":"https:\/\/schema.org","@graph":[{"@type":"WebPage","@id":"https:\/\/auxlaci.com\/ajanlatot-kerek\/","url":"https:\/\/auxlaci.com\/ajanlatot-kerek\/","name":"K\u00e9rj aj\u00e1nlatot - Auxlaci Produkt Kft weboldala","isPartOf":{"@id":"https:\/\/auxlaci.com\/#website"},"primaryImageOfPage":{"@id":"https:\/\/auxlaci.com\/ajanlatot-kerek\/#primaryimage"},"image":{"@id":"https:\/\/auxlaci.com\/ajanlatot-kerek\/#primaryimage"},"thumbnailUrl":"https:\/\/auxlaci.com\/wp-content\/uploads\/2023\/08\/helykitolto-3.png","datePublished":"2023-08-26T13:56:56+00:00","dateModified":"2023-11-27T21:26:54+00:00","breadcrumb":{"@id":"https:\/\/auxlaci.com\/ajanlatot-kerek\/#breadcrumb"},"inLanguage":"en-US","potentialAction":[{"@type":"ReadAction","target":["https:\/\/auxlaci.com\/ajanlatot-kerek\/"]}]},{"@type":"ImageObject","inLanguage":"en-US","@id":"https:\/\/auxlaci.com\/ajanlatot-kerek\/#primaryimage","url":"https:\/\/auxlaci.com\/wp-content\/uploads\/2023\/08\/helykitolto-3.png","contentUrl":"https:\/\/auxlaci.com\/wp-content\/uploads\/2023\/08\/helykitolto-3.png"},{"@type":"BreadcrumbList","@id":"https:\/\/auxlaci.com\/ajanlatot-kerek\/#breadcrumb","itemListElement":[{"@type":"ListItem","position":1,"name":"Home","item":"https:\/\/auxlaci.com\/"},{"@type":"ListItem","position":2,"name":"K\u00e9rj aj\u00e1nlatot"}]},{"@type":"WebSite","@id":"https:\/\/auxlaci.com\/#website","url":"https:\/\/auxlaci.com\/","name":"Auxlaci Produkt Kft weboldala","description":"P\u00e1linkaf\u0151z\u0151k, lekv\u00e1rf\u0151z\u0151k, 3D nyomtat\u00e1s","publisher":{"@id":"https:\/\/auxlaci.com\/#organization"},"potentialAction":[{"@type":"SearchAction","target":{"@type":"EntryPoint","urlTemplate":"https:\/\/auxlaci.com\/?s={search_term_string}"},"query-input":{"@type":"PropertyValueSpecification","valueRequired":true,"valueName":"search_term_string"}}],"inLanguage":"en-US"},{"@type":"Organization","@id":"https:\/\/auxlaci.com\/#organization","name":"Auxlaci Produkt Kft","url":"https:\/\/auxlaci.com\/","logo":{"@type":"ImageObject","inLanguage":"en-US","@id":"https:\/\/auxlaci.com\/#\/schema\/logo\/image\/","url":"https:\/\/auxlaci.com\/wp-content\/uploads\/2023\/11\/website-logo-black-01.png","contentUrl":"https:\/\/auxlaci.com\/wp-content\/uploads\/2023\/11\/website-logo-black-01.png","width":242,"height":89,"caption":"Auxlaci Produkt Kft"},"image":{"@id":"https:\/\/auxlaci.com\/#\/schema\/logo\/image\/"},"sameAs":["https:\/\/m.facebook.com\/p\/Auxlaci-produkt-Kft-100075866836216\/"]}]}},"_links":{"self":[{"href":"https:\/\/auxlaci.com\/en\/wp-json\/wp\/v2\/pages\/1251","targetHints":{"allow":["GET"]}}],"collection":[{"href":"https:\/\/auxlaci.com\/en\/wp-json\/wp\/v2\/pages"}],"about":[{"href":"https:\/\/auxlaci.com\/en\/wp-json\/wp\/v2\/types\/page"}],"author":[{"embeddable":true,"href":"https:\/\/auxlaci.com\/en\/wp-json\/wp\/v2\/users\/1"}],"replies":[{"embeddable":true,"href":"https:\/\/auxlaci.com\/en\/wp-json\/wp\/v2\/comments?post=1251"}],"version-history":[{"count":34,"href":"https:\/\/auxlaci.com\/en\/wp-json\/wp\/v2\/pages\/1251\/revisions"}],"predecessor-version":[{"id":1973,"href":"https:\/\/auxlaci.com\/en\/wp-json\/wp\/v2\/pages\/1251\/revisions\/1973"}],"wp:attachment":[{"href":"https:\/\/auxlaci.com\/en\/wp-json\/wp\/v2\/media?parent=1251"}],"curies":[{"name":"wp","href":"https:\/\/api.w.org\/{rel}","templated":true}]}}