{"id":1249,"date":"2023-08-26T13:56:38","date_gmt":"2023-08-26T13:56:38","guid":{"rendered":"https:\/\/auxlaci.com\/?page_id=1249"},"modified":"2023-11-28T02:57:18","modified_gmt":"2023-11-28T02:57:18","slug":"ismerjen-meg","status":"publish","type":"page","link":"https:\/\/auxlaci.com\/en\/ismerjen-meg\/","title":{"rendered":"About me"},"content":{"rendered":"<div data-elementor-type=\"wp-page\" data-elementor-id=\"1249\" class=\"elementor elementor-1249\" data-elementor-post-type=\"page\">\n\t\t\t\t<div class=\"elementor-element elementor-element-4e117bf e-con-full e-flex e-con e-parent\" data-id=\"4e117bf\" data-element_type=\"container\">\n\t\t<div class=\"elementor-element elementor-element-6d6e5ed e-flex e-con-boxed e-con e-parent\" data-id=\"6d6e5ed\" data-element_type=\"container\">\n\t\t\t\t\t<div class=\"e-con-inner\">\n\t\t<div class=\"elementor-element elementor-element-870b15b e-con-full e-flex e-con e-parent\" data-id=\"870b15b\" data-element_type=\"container\">\n\t\t\t\t<div class=\"elementor-element elementor-element-74f033d elementor-widget elementor-widget-heading\" data-id=\"74f033d\" data-element_type=\"widget\" data-widget_type=\"heading.default\">\n\t\t\t\t<div class=\"elementor-widget-container\">\n\t\t\t<style>\/*! elementor - v3.23.0 - 05-08-2024 *\/\n.elementor-heading-title{padding:0;margin:0;line-height:1}.elementor-widget-heading .elementor-heading-title[class*=elementor-size-]>a{color:inherit;font-size:inherit;line-height:inherit}.elementor-widget-heading .elementor-heading-title.elementor-size-small{font-size:15px}.elementor-widget-heading .elementor-heading-title.elementor-size-medium{font-size:19px}.elementor-widget-heading .elementor-heading-title.elementor-size-large{font-size:29px}.elementor-widget-heading .elementor-heading-title.elementor-size-xl{font-size:39px}.elementor-widget-heading .elementor-heading-title.elementor-size-xxl{font-size:59px}<\/style><span class=\"elementor-heading-title elementor-size-default\">Let me introduce myself, my name is Laszlo Aux!<\/span>\t\t<\/div>\n\t\t\t\t<\/div>\n\t\t\t\t<div class=\"elementor-element elementor-element-4ab3cd7 elementor-widget elementor-widget-heading\" data-id=\"4ab3cd7\" data-element_type=\"widget\" data-widget_type=\"heading.default\">\n\t\t\t\t<div class=\"elementor-widget-container\">\n\t\t\t<h2 class=\"elementor-heading-title elementor-size-default\">About me<\/h2>\t\t<\/div>\n\t\t\t\t<\/div>\n\t\t\t\t<div class=\"elementor-element elementor-element-4a94a8e elementor-widget elementor-widget-text-editor\" data-id=\"4a94a8e\" data-element_type=\"widget\" data-widget_type=\"text-editor.default\">\n\t\t\t\t<div class=\"elementor-widget-container\">\n\t\t\t<style>\/*! elementor - v3.23.0 - 05-08-2024 *\/\n.elementor-widget-text-editor.elementor-drop-cap-view-stacked .elementor-drop-cap{background-color:#69727d;color:#fff}.elementor-widget-text-editor.elementor-drop-cap-view-framed .elementor-drop-cap{color:#69727d;border:3px solid;background-color:transparent}.elementor-widget-text-editor:not(.elementor-drop-cap-view-default) .elementor-drop-cap{margin-top:8px}.elementor-widget-text-editor:not(.elementor-drop-cap-view-default) .elementor-drop-cap-letter{width:1em;height:1em}.elementor-widget-text-editor .elementor-drop-cap{float:left;text-align:center;line-height:1;font-size:50px}.elementor-widget-text-editor .elementor-drop-cap-letter{display:inline-block}<\/style>\t\t\t\t<p>For more than ten years (since 2011) I have been designing and manufacturing custom distillation equipment. After a short simple market research, it became clear that there is a demand and a need for distillation equipment, especially if it is tailored to the customer's needs, with enough twists and turns to produce a good quality spirit even for a beginner. Success at brandy musters proves that we are heading in the right direction, but of course it is all about good quality mash, without which the machines are not worth much.<\/p>\t\t\t\t\t\t<\/div>\n\t\t\t\t<\/div>\n\t\t\t\t<\/div>\n\t\t<div class=\"elementor-element elementor-element-41c266a e-con-full e-flex e-con e-parent\" data-id=\"41c266a\" data-element_type=\"container\">\n\t\t\t\t<div class=\"elementor-element elementor-element-1e47ee6 elementor-widget elementor-widget-image\" data-id=\"1e47ee6\" data-element_type=\"widget\" data-widget_type=\"image.default\">\n\t\t\t\t<div class=\"elementor-widget-container\">\n\t\t\t<style>\/*! elementor - v3.23.0 - 05-08-2024 *\/\n.elementor-widget-image{text-align:center}.elementor-widget-image a{display:inline-block}.elementor-widget-image a img[src$=\".svg\"]{width:48px}.elementor-widget-image img{vertical-align:middle;display:inline-block}<\/style>\t\t\t\t\t\t\t\t\t\t<img fetchpriority=\"high\" decoding=\"async\" width=\"1080\" height=\"721\" src=\"https:\/\/auxlaci.com\/wp-content\/uploads\/2023\/11\/ismerj-meg-2-2.png\" class=\"attachment-full size-full wp-image-2046\" alt=\"\" srcset=\"https:\/\/auxlaci.com\/wp-content\/uploads\/2023\/11\/ismerj-meg-2-2.png 1080w, https:\/\/auxlaci.com\/wp-content\/uploads\/2023\/11\/ismerj-meg-2-2-300x200.png 300w, https:\/\/auxlaci.com\/wp-content\/uploads\/2023\/11\/ismerj-meg-2-2-700x467.png 700w, https:\/\/auxlaci.com\/wp-content\/uploads\/2023\/11\/ismerj-meg-2-2-768x513.png 768w\" sizes=\"(max-width: 1080px) 100vw, 1080px\" \/>\t\t\t\t\t\t\t\t\t\t\t\t\t<\/div>\n\t\t\t\t<\/div>\n\t\t\t\t<\/div>\n\t\t\t\t\t<\/div>\n\t\t\t\t<\/div>\n\t\t\t\t<\/div>\n\t\t<div class=\"elementor-element elementor-element-b247136 e-con-full e-flex e-con e-parent\" data-id=\"b247136\" data-element_type=\"container\">\n\t\t<div class=\"elementor-element elementor-element-2fc0ba2 e-flex e-con-boxed e-con e-parent\" data-id=\"2fc0ba2\" data-element_type=\"container\">\n\t\t\t\t\t<div class=\"e-con-inner\">\n\t\t<div class=\"elementor-element elementor-element-e481568 e-con-full e-flex e-con e-parent\" data-id=\"e481568\" data-element_type=\"container\" data-settings=\"{&quot;background_background&quot;:&quot;classic&quot;}\">\n\t\t\t\t<\/div>\n\t\t<div class=\"elementor-element elementor-element-32b2a5f e-con-full e-flex e-con e-parent\" data-id=\"32b2a5f\" data-element_type=\"container\">\n\t\t\t\t<div class=\"elementor-element elementor-element-57ab197 elementor-widget elementor-widget-text-editor\" data-id=\"57ab197\" data-element_type=\"widget\" data-widget_type=\"text-editor.default\">\n\t\t\t\t<div class=\"elementor-widget-container\">\n\t\t\t\t\t\t\t<p>Over the last few years, there has been an increasing demand for dedicated jam making equipment and fruit processing machines, so we have added these to our product range.<\/p><p>In the past year we have added another range of products to our production. We have started to design and manufacture special machines and equipment, mainly for confectionery shops.<\/p><p>During the manufacturing process, we also make the individual parts ourselves, both the machined parts - which are not commercially available or difficult to obtain - and the plastic parts, which are injection moulded or 3D printed for the devices.<\/p><p>As we manufacture small batch products, our turning machines, injection moulding machines and 3D printers have a lot of spare capacity that we would like to tie up.<\/p>\t\t\t\t\t\t<\/div>\n\t\t\t\t<\/div>\n\t\t\t\t<\/div>\n\t\t\t\t\t<\/div>\n\t\t\t\t<\/div>\n\t\t\t\t<\/div>\n\t\t\t\t<\/div>","protected":false},"excerpt":{"rendered":"<p>Bemutatkozom, a nevem Aux L\u00e1szl\u00f3! Ismerjen meg! T\u00f6bb mint t\u00edz \u00e9ve (2011 t\u0151l) foglalkozom egyedi lep\u00e1rl\u00f3 berendez\u00e9sek tervez\u00e9s\u00e9vel gy\u00e1rt\u00e1s\u00e1val. R\u00f6vid egyszer\u0171 piackutat\u00e1s ut\u00e1n l\u00e1tsz\u00f3dott, hogy kereslet, valamint ig\u00e9ny is van p\u00e1linkaf\u0151z\u0151 berendez\u00e9sekre f\u0151leg, ha az a megrendel\u0151 ig\u00e9nyeihez van igaz\u00edtva, annyi csavart belet\u00e9ve, hogy a k\u00e9sz\u00fcl\u00e9k j\u00f3 min\u0151s\u00e9g\u0171 p\u00e1rlatot produk\u00e1ljon m\u00e9g egy kezd\u0151 sz\u00e1m\u00e1ra is. [&hellip;]<\/p>","protected":false},"author":1,"featured_media":0,"parent":0,"menu_order":0,"comment_status":"closed","ping_status":"closed","template":"elementor_header_footer","meta":{"footnotes":""},"class_list":["post-1249","page","type-page","status-publish","hentry"],"yoast_head":"<!-- This site is optimized with the Yoast SEO plugin v23.4 - https:\/\/yoast.com\/wordpress\/plugins\/seo\/ -->\n<title>Ismerjen meg - Auxlaci Produkt Kft weboldala<\/title>\n<meta name=\"robots\" content=\"index, follow, max-snippet:-1, max-image-preview:large, max-video-preview:-1\" \/>\n<link rel=\"canonical\" href=\"https:\/\/auxlaci.com\/en\/ismerjen-meg\/\" \/>\n<meta property=\"og:locale\" content=\"en_US\" \/>\n<meta property=\"og:type\" content=\"article\" \/>\n<meta property=\"og:title\" content=\"Ismerjen meg - Auxlaci Produkt Kft weboldala\" \/>\n<meta property=\"og:description\" content=\"Bemutatkozom, a nevem Aux L\u00e1szl\u00f3! Ismerjen meg! T\u00f6bb mint t\u00edz \u00e9ve (2011 t\u0151l) foglalkozom egyedi lep\u00e1rl\u00f3 berendez\u00e9sek tervez\u00e9s\u00e9vel gy\u00e1rt\u00e1s\u00e1val. R\u00f6vid egyszer\u0171 piackutat\u00e1s ut\u00e1n l\u00e1tsz\u00f3dott, hogy kereslet, valamint ig\u00e9ny is van p\u00e1linkaf\u0151z\u0151 berendez\u00e9sekre f\u0151leg, ha az a megrendel\u0151 ig\u00e9nyeihez van igaz\u00edtva, annyi csavart belet\u00e9ve, hogy a k\u00e9sz\u00fcl\u00e9k j\u00f3 min\u0151s\u00e9g\u0171 p\u00e1rlatot produk\u00e1ljon m\u00e9g egy kezd\u0151 sz\u00e1m\u00e1ra is. [&hellip;]\" \/>\n<meta property=\"og:url\" content=\"https:\/\/auxlaci.com\/en\/ismerjen-meg\/\" \/>\n<meta property=\"og:site_name\" content=\"Auxlaci Produkt Kft weboldala\" \/>\n<meta property=\"article:publisher\" content=\"https:\/\/m.facebook.com\/p\/Auxlaci-produkt-Kft-100075866836216\/\" \/>\n<meta property=\"article:modified_time\" content=\"2023-11-28T02:57:18+00:00\" \/>\n<meta property=\"og:image\" content=\"https:\/\/auxlaci.com\/wp-content\/uploads\/2023\/11\/ismerj-meg-2-2.png\" \/>\n<meta name=\"twitter:card\" content=\"summary_large_image\" \/>\n<meta name=\"twitter:label1\" content=\"Est. reading time\" \/>\n\t<meta name=\"twitter:data1\" content=\"1 minute\" \/>\n<script type=\"application\/ld+json\" class=\"yoast-schema-graph\">{\"@context\":\"https:\/\/schema.org\",\"@graph\":[{\"@type\":\"WebPage\",\"@id\":\"https:\/\/auxlaci.com\/ismerjen-meg\/\",\"url\":\"https:\/\/auxlaci.com\/ismerjen-meg\/\",\"name\":\"Ismerjen meg - Auxlaci Produkt Kft weboldala\",\"isPartOf\":{\"@id\":\"https:\/\/auxlaci.com\/#website\"},\"primaryImageOfPage\":{\"@id\":\"https:\/\/auxlaci.com\/ismerjen-meg\/#primaryimage\"},\"image\":{\"@id\":\"https:\/\/auxlaci.com\/ismerjen-meg\/#primaryimage\"},\"thumbnailUrl\":\"https:\/\/auxlaci.com\/wp-content\/uploads\/2023\/11\/ismerj-meg-2-2.png\",\"datePublished\":\"2023-08-26T13:56:38+00:00\",\"dateModified\":\"2023-11-28T02:57:18+00:00\",\"breadcrumb\":{\"@id\":\"https:\/\/auxlaci.com\/ismerjen-meg\/#breadcrumb\"},\"inLanguage\":\"en-US\",\"potentialAction\":[{\"@type\":\"ReadAction\",\"target\":[\"https:\/\/auxlaci.com\/ismerjen-meg\/\"]}]},{\"@type\":\"ImageObject\",\"inLanguage\":\"en-US\",\"@id\":\"https:\/\/auxlaci.com\/ismerjen-meg\/#primaryimage\",\"url\":\"https:\/\/auxlaci.com\/wp-content\/uploads\/2023\/11\/ismerj-meg-2-2.png\",\"contentUrl\":\"https:\/\/auxlaci.com\/wp-content\/uploads\/2023\/11\/ismerj-meg-2-2.png\"},{\"@type\":\"BreadcrumbList\",\"@id\":\"https:\/\/auxlaci.com\/ismerjen-meg\/#breadcrumb\",\"itemListElement\":[{\"@type\":\"ListItem\",\"position\":1,\"name\":\"Home\",\"item\":\"https:\/\/auxlaci.com\/\"},{\"@type\":\"ListItem\",\"position\":2,\"name\":\"Ismerjen meg\"}]},{\"@type\":\"WebSite\",\"@id\":\"https:\/\/auxlaci.com\/#website\",\"url\":\"https:\/\/auxlaci.com\/\",\"name\":\"Auxlaci Produkt Kft weboldala\",\"description\":\"P\u00e1linkaf\u0151z\u0151k, lekv\u00e1rf\u0151z\u0151k, 3D nyomtat\u00e1s\",\"publisher\":{\"@id\":\"https:\/\/auxlaci.com\/#organization\"},\"potentialAction\":[{\"@type\":\"SearchAction\",\"target\":{\"@type\":\"EntryPoint\",\"urlTemplate\":\"https:\/\/auxlaci.com\/?s={search_term_string}\"},\"query-input\":{\"@type\":\"PropertyValueSpecification\",\"valueRequired\":true,\"valueName\":\"search_term_string\"}}],\"inLanguage\":\"en-US\"},{\"@type\":\"Organization\",\"@id\":\"https:\/\/auxlaci.com\/#organization\",\"name\":\"Auxlaci Produkt Kft\",\"url\":\"https:\/\/auxlaci.com\/\",\"logo\":{\"@type\":\"ImageObject\",\"inLanguage\":\"en-US\",\"@id\":\"https:\/\/auxlaci.com\/#\/schema\/logo\/image\/\",\"url\":\"https:\/\/auxlaci.com\/wp-content\/uploads\/2023\/11\/website-logo-black-01.png\",\"contentUrl\":\"https:\/\/auxlaci.com\/wp-content\/uploads\/2023\/11\/website-logo-black-01.png\",\"width\":242,\"height\":89,\"caption\":\"Auxlaci Produkt Kft\"},\"image\":{\"@id\":\"https:\/\/auxlaci.com\/#\/schema\/logo\/image\/\"},\"sameAs\":[\"https:\/\/m.facebook.com\/p\/Auxlaci-produkt-Kft-100075866836216\/\"]}]}<\/script>\n<!-- \/ Yoast SEO plugin. -->","yoast_head_json":{"title":"Ismerjen meg - Auxlaci Produkt Kft weboldala","robots":{"index":"index","follow":"follow","max-snippet":"max-snippet:-1","max-image-preview":"max-image-preview:large","max-video-preview":"max-video-preview:-1"},"canonical":"https:\/\/auxlaci.com\/en\/ismerjen-meg\/","og_locale":"en_US","og_type":"article","og_title":"Ismerjen meg - Auxlaci Produkt Kft weboldala","og_description":"Bemutatkozom, a nevem Aux L\u00e1szl\u00f3! Ismerjen meg! T\u00f6bb mint t\u00edz \u00e9ve (2011 t\u0151l) foglalkozom egyedi lep\u00e1rl\u00f3 berendez\u00e9sek tervez\u00e9s\u00e9vel gy\u00e1rt\u00e1s\u00e1val. R\u00f6vid egyszer\u0171 piackutat\u00e1s ut\u00e1n l\u00e1tsz\u00f3dott, hogy kereslet, valamint ig\u00e9ny is van p\u00e1linkaf\u0151z\u0151 berendez\u00e9sekre f\u0151leg, ha az a megrendel\u0151 ig\u00e9nyeihez van igaz\u00edtva, annyi csavart belet\u00e9ve, hogy a k\u00e9sz\u00fcl\u00e9k j\u00f3 min\u0151s\u00e9g\u0171 p\u00e1rlatot produk\u00e1ljon m\u00e9g egy kezd\u0151 sz\u00e1m\u00e1ra is. [&hellip;]","og_url":"https:\/\/auxlaci.com\/en\/ismerjen-meg\/","og_site_name":"Auxlaci Produkt Kft weboldala","article_publisher":"https:\/\/m.facebook.com\/p\/Auxlaci-produkt-Kft-100075866836216\/","article_modified_time":"2023-11-28T02:57:18+00:00","og_image":[{"url":"https:\/\/auxlaci.com\/wp-content\/uploads\/2023\/11\/ismerj-meg-2-2.png"}],"twitter_card":"summary_large_image","twitter_misc":{"Est. reading time":"1 minute"},"schema":{"@context":"https:\/\/schema.org","@graph":[{"@type":"WebPage","@id":"https:\/\/auxlaci.com\/ismerjen-meg\/","url":"https:\/\/auxlaci.com\/ismerjen-meg\/","name":"Ismerjen meg - Auxlaci Produkt Kft weboldala","isPartOf":{"@id":"https:\/\/auxlaci.com\/#website"},"primaryImageOfPage":{"@id":"https:\/\/auxlaci.com\/ismerjen-meg\/#primaryimage"},"image":{"@id":"https:\/\/auxlaci.com\/ismerjen-meg\/#primaryimage"},"thumbnailUrl":"https:\/\/auxlaci.com\/wp-content\/uploads\/2023\/11\/ismerj-meg-2-2.png","datePublished":"2023-08-26T13:56:38+00:00","dateModified":"2023-11-28T02:57:18+00:00","breadcrumb":{"@id":"https:\/\/auxlaci.com\/ismerjen-meg\/#breadcrumb"},"inLanguage":"en-US","potentialAction":[{"@type":"ReadAction","target":["https:\/\/auxlaci.com\/ismerjen-meg\/"]}]},{"@type":"ImageObject","inLanguage":"en-US","@id":"https:\/\/auxlaci.com\/ismerjen-meg\/#primaryimage","url":"https:\/\/auxlaci.com\/wp-content\/uploads\/2023\/11\/ismerj-meg-2-2.png","contentUrl":"https:\/\/auxlaci.com\/wp-content\/uploads\/2023\/11\/ismerj-meg-2-2.png"},{"@type":"BreadcrumbList","@id":"https:\/\/auxlaci.com\/ismerjen-meg\/#breadcrumb","itemListElement":[{"@type":"ListItem","position":1,"name":"Home","item":"https:\/\/auxlaci.com\/"},{"@type":"ListItem","position":2,"name":"Ismerjen meg"}]},{"@type":"WebSite","@id":"https:\/\/auxlaci.com\/#website","url":"https:\/\/auxlaci.com\/","name":"Auxlaci Produkt Kft weboldala","description":"P\u00e1linkaf\u0151z\u0151k, lekv\u00e1rf\u0151z\u0151k, 3D nyomtat\u00e1s","publisher":{"@id":"https:\/\/auxlaci.com\/#organization"},"potentialAction":[{"@type":"SearchAction","target":{"@type":"EntryPoint","urlTemplate":"https:\/\/auxlaci.com\/?s={search_term_string}"},"query-input":{"@type":"PropertyValueSpecification","valueRequired":true,"valueName":"search_term_string"}}],"inLanguage":"en-US"},{"@type":"Organization","@id":"https:\/\/auxlaci.com\/#organization","name":"Auxlaci Produkt Kft","url":"https:\/\/auxlaci.com\/","logo":{"@type":"ImageObject","inLanguage":"en-US","@id":"https:\/\/auxlaci.com\/#\/schema\/logo\/image\/","url":"https:\/\/auxlaci.com\/wp-content\/uploads\/2023\/11\/website-logo-black-01.png","contentUrl":"https:\/\/auxlaci.com\/wp-content\/uploads\/2023\/11\/website-logo-black-01.png","width":242,"height":89,"caption":"Auxlaci Produkt Kft"},"image":{"@id":"https:\/\/auxlaci.com\/#\/schema\/logo\/image\/"},"sameAs":["https:\/\/m.facebook.com\/p\/Auxlaci-produkt-Kft-100075866836216\/"]}]}},"_links":{"self":[{"href":"https:\/\/auxlaci.com\/en\/wp-json\/wp\/v2\/pages\/1249","targetHints":{"allow":["GET"]}}],"collection":[{"href":"https:\/\/auxlaci.com\/en\/wp-json\/wp\/v2\/pages"}],"about":[{"href":"https:\/\/auxlaci.com\/en\/wp-json\/wp\/v2\/types\/page"}],"author":[{"embeddable":true,"href":"https:\/\/auxlaci.com\/en\/wp-json\/wp\/v2\/users\/1"}],"replies":[{"embeddable":true,"href":"https:\/\/auxlaci.com\/en\/wp-json\/wp\/v2\/comments?post=1249"}],"version-history":[{"count":32,"href":"https:\/\/auxlaci.com\/en\/wp-json\/wp\/v2\/pages\/1249\/revisions"}],"predecessor-version":[{"id":2081,"href":"https:\/\/auxlaci.com\/en\/wp-json\/wp\/v2\/pages\/1249\/revisions\/2081"}],"wp:attachment":[{"href":"https:\/\/auxlaci.com\/en\/wp-json\/wp\/v2\/media?parent=1249"}],"curies":[{"name":"wp","href":"https:\/\/api.w.org\/{rel}","templated":true}]}}